{"id":33,"date":"2020-01-11T23:33:48","date_gmt":"2020-01-11T22:33:48","guid":{"rendered":"https:\/\/www.leslogisdetavel.fr\/?page_id=33"},"modified":"2020-01-16T22:43:27","modified_gmt":"2020-01-16T21:43:27","slug":"a-propos-de","status":"publish","type":"page","link":"https:\/\/www.leslogisdetavel.fr\/index.php\/a-propos-de\/","title":{"rendered":"\u00c0 propos de"},"content":{"rendered":"\n<p>Syndic b\u00e9n\u00e9vole Les Logis de Tavel.<\/p>\n\n\n\n<p><strong>Adresse<\/strong><br>525 chemin de la Vaussi\u00e8re, 30126 Tavel.<\/p>\n\n\n\n<p><\/p>\n","protected":false},"excerpt":{"rendered":"<p>Syndic b\u00e9n\u00e9vole Les Logis de Tavel. Adresse525 chemin de la Vaussi\u00e8re, 30126 Tavel.<\/p>\n","protected":false},"author":1,"featured_media":116,"parent":0,"menu_order":0,"comment_status":"closed","ping_status":"closed","template":"","meta":{"footnotes":""},"class_list":["post-33","page","type-page","status-publish","has-post-thumbnail","hentry"],"_links":{"self":[{"href":"https:\/\/www.leslogisdetavel.fr\/index.php\/wp-json\/wp\/v2\/pages\/33","targetHints":{"allow":["GET"]}}],"collection":[{"href":"https:\/\/www.leslogisdetavel.fr\/index.php\/wp-json\/wp\/v2\/pages"}],"about":[{"href":"https:\/\/www.leslogisdetavel.fr\/index.php\/wp-json\/wp\/v2\/types\/page"}],"author":[{"embeddable":true,"href":"https:\/\/www.leslogisdetavel.fr\/index.php\/wp-json\/wp\/v2\/users\/1"}],"replies":[{"embeddable":true,"href":"https:\/\/www.leslogisdetavel.fr\/index.php\/wp-json\/wp\/v2\/comments?post=33"}],"version-history":[{"count":3,"href":"https:\/\/www.leslogisdetavel.fr\/index.php\/wp-json\/wp\/v2\/pages\/33\/revisions"}],"predecessor-version":[{"id":139,"href":"https:\/\/www.leslogisdetavel.fr\/index.php\/wp-json\/wp\/v2\/pages\/33\/revisions\/139"}],"wp:featuredmedia":[{"embeddable":true,"href":"https:\/\/www.leslogisdetavel.fr\/index.php\/wp-json\/wp\/v2\/media\/116"}],"wp:attachment":[{"href":"https:\/\/www.leslogisdetavel.fr\/index.php\/wp-json\/wp\/v2\/media?parent=33"}],"curies":[{"name":"wp","href":"https:\/\/api.w.org\/{rel}","templated":true}]}}