{"id":32,"date":"2020-01-11T23:33:48","date_gmt":"2020-01-11T22:33:48","guid":{"rendered":"https:\/\/www.leslogisdetavel.fr\/?page_id=32"},"modified":"2020-01-29T19:41:11","modified_gmt":"2020-01-29T18:41:11","slug":"accueil","status":"publish","type":"page","link":"https:\/\/www.leslogisdetavel.fr\/","title":{"rendered":"Accueil"},"content":{"rendered":"\n<p>Bienvenue sur le site\u00a0de la copropri\u00e9t\u00e9 Les Logis de Tavel.<br>Vous y trouverez les derni\u00e8res actualit\u00e9s sur la copropri\u00e9t\u00e9, un agenda des \u00e9v\u00e9nements \u00e0 venir, tous les documents relatifs \u00e0 la copropri\u00e9t\u00e9 et un formulaire pour contacter le Syndic.<\/p>\n\n\n\n<p>Le site h\u00e9berge \u00e9galement le logiciel de gestion de copropri\u00e9t\u00e9 Diacamma, vous trouverez sur la page correspondante un descriptif de ses fonctionnalit\u00e9s ainsi que le lien pour y acc\u00e9der.<\/p>\n","protected":false},"excerpt":{"rendered":"<p>Bienvenue sur le site\u00a0de la copropri\u00e9t\u00e9 Les Logis de Tavel.Vous y trouverez les derni\u00e8res actualit\u00e9s sur la copropri\u00e9t\u00e9, un agenda des \u00e9v\u00e9nements \u00e0 venir, tous les documents relatifs \u00e0 la copropri\u00e9t\u00e9 et un formulaire pour contacter le Syndic. Le site h\u00e9berge \u00e9galement le logiciel de gestion de copropri\u00e9t\u00e9 Diacamma, vous trouverez sur la page correspondante &hellip; <\/p>\n<p class=\"link-more\"><a href=\"https:\/\/www.leslogisdetavel.fr\/\" class=\"more-link\">Continuer la lecture<span class=\"screen-reader-text\"> de &laquo;&nbsp;Accueil&nbsp;&raquo;<\/span><\/a><\/p>\n","protected":false},"author":1,"featured_media":0,"parent":0,"menu_order":0,"comment_status":"closed","ping_status":"closed","template":"","meta":{"footnotes":""},"class_list":["post-32","page","type-page","status-publish","hentry"],"_links":{"self":[{"href":"https:\/\/www.leslogisdetavel.fr\/index.php\/wp-json\/wp\/v2\/pages\/32","targetHints":{"allow":["GET"]}}],"collection":[{"href":"https:\/\/www.leslogisdetavel.fr\/index.php\/wp-json\/wp\/v2\/pages"}],"about":[{"href":"https:\/\/www.leslogisdetavel.fr\/index.php\/wp-json\/wp\/v2\/types\/page"}],"author":[{"embeddable":true,"href":"https:\/\/www.leslogisdetavel.fr\/index.php\/wp-json\/wp\/v2\/users\/1"}],"replies":[{"embeddable":true,"href":"https:\/\/www.leslogisdetavel.fr\/index.php\/wp-json\/wp\/v2\/comments?post=32"}],"version-history":[{"count":3,"href":"https:\/\/www.leslogisdetavel.fr\/index.php\/wp-json\/wp\/v2\/pages\/32\/revisions"}],"predecessor-version":[{"id":278,"href":"https:\/\/www.leslogisdetavel.fr\/index.php\/wp-json\/wp\/v2\/pages\/32\/revisions\/278"}],"wp:attachment":[{"href":"https:\/\/www.leslogisdetavel.fr\/index.php\/wp-json\/wp\/v2\/media?parent=32"}],"curies":[{"name":"wp","href":"https:\/\/api.w.org\/{rel}","templated":true}]}}