{"id":117,"date":"2020-01-12T22:12:37","date_gmt":"2020-01-12T21:12:37","guid":{"rendered":"https:\/\/www.leslogisdetavel.fr\/?page_id=117"},"modified":"2020-01-17T00:05:26","modified_gmt":"2020-01-16T23:05:26","slug":"diacamma","status":"publish","type":"page","link":"https:\/\/www.leslogisdetavel.fr\/index.php\/diacamma\/","title":{"rendered":"Diacamma"},"content":{"rendered":"\n<p>Connectez-vous sur <a href=\"https:\/\/diacamma.leslogisdetavel.fr\">https:\/\/diacamma.leslogisdetavel.fr<\/a><\/p>\n\n\n\n<div class=\"wp-block-image\"><figure class=\"aligncenter size-full\"><a href=\"https:\/\/www.diacamma.org\"><img loading=\"lazy\" decoding=\"async\" width=\"289\" height=\"83\" src=\"https:\/\/www.leslogisdetavel.fr\/wp-content\/uploads\/2020\/01\/DiacammaImage.png\" alt=\"Diacamma\" class=\"wp-image-145\"\/><\/a><\/figure><\/div>\n\n\n\n<p>Diacamma Syndic est un logiciel libre qui permet de g\u00e9rer simplement une copropri\u00e9t\u00e9 :<\/p>\n\n\n\n<ul class=\"wp-block-list\"><li>Tenir une comptabilit\u00e9 en conformit\u00e9 avec la r\u00e9glementation fran\u00e7aise des copropri\u00e9t\u00e9s.<\/li><li>Suivre la situation de chaques copropri\u00e9taires.<\/li><li>Cr\u00e9er et envoyer des appels de fonds.<\/li><li>Ventiler les d\u00e9penses de la copropri\u00e9t\u00e9 sur chacun en fonction de ses tanti\u00e8mes.<\/li><li>Editer des rapports financiers facilement.<\/li><\/ul>\n\n\n\n<p>Diacamma est install\u00e9 en h\u00e9bergement sur <a href=\"https:\/\/diacamma.leslogisdetavel.fr\">https:\/\/diacamma.leslogisdetavel.fr<\/a><\/p>\n\n\n\n<p>Cela permet de partager aux copropri\u00e9taires l&rsquo;ensemble des donn\u00e9es de la copropri\u00e9t\u00e9.<\/p>\n\n\n\n<ul class=\"wp-block-list\"><li>Acc\u00e8s d\u00e9di\u00e9 \u00e0 chacun des copropri\u00e9taires avec des droits en fonction de sa mission.<\/li><li>Partage de documents (PV d&rsquo;assembl\u00e9e, appels de fonds,&#8230;).<\/li><li>Envoi de messages et appels de fonds aux copropri\u00e9taires.<\/li><li>Acc\u00e8s \u00e0 vos propres donn\u00e9es et votre situation.<\/li><\/ul>\n\n\n\n<h2 class=\"wp-block-heading\"><strong>Utilisation de Diacamma<\/strong><\/h2>\n\n\n\n<h3 class=\"wp-block-heading\"><em>Connexion<\/em><\/h3>\n\n\n\n<p>Pour se connecter sur le site <a href=\"https:\/\/diacamma.leslogisdetavel.fr\/\">https:\/\/diacamma.leslogisdetavel.fr<\/a> vous devez utiliser votre nom d&rsquo;utilisateur et mot de passe.<\/p>\n\n\n\n<p>Votre nom d&rsquo;utilisateur ou alias est compos\u00e9 de &lsquo;votre pr\u00e9nom&rsquo; (point) &lsquo;votre nom&rsquo; : <em>pr\u00e9nom.nom<\/em><\/p>\n\n\n\n<figure class=\"wp-block-image size-large\"><img loading=\"lazy\" decoding=\"async\" width=\"892\" height=\"533\" src=\"https:\/\/www.leslogisdetavel.fr\/wp-content\/uploads\/2020\/01\/Screenshot_20200115-200223__01.jpg\" alt=\"\" class=\"wp-image-130\" srcset=\"https:\/\/www.leslogisdetavel.fr\/wp-content\/uploads\/2020\/01\/Screenshot_20200115-200223__01.jpg 892w, https:\/\/www.leslogisdetavel.fr\/wp-content\/uploads\/2020\/01\/Screenshot_20200115-200223__01-300x179.jpg 300w, https:\/\/www.leslogisdetavel.fr\/wp-content\/uploads\/2020\/01\/Screenshot_20200115-200223__01-768x459.jpg 768w\" sizes=\"auto, (max-width: 767px) 89vw, (max-width: 1000px) 54vw, (max-width: 1071px) 543px, 580px\" \/><figcaption>Fen\u00eatre de connexion Diacamma<\/figcaption><\/figure>\n\n\n\n<p>Pour recevoir votre mot de passe et votre alias par e-mail, cliquez sur \u00ab\u00a0Mot de passe ou alias oubli\u00e9\u00a0\u00bb et renseignez votre adresse e-mail.<\/p>\n\n\n\n<h3 class=\"wp-block-heading\"><em>Ecran g\u00e9n\u00e9ral<\/em><\/h3>\n\n\n\n<p>Une fois connect\u00e9 vous \u00eates redirig\u00e9 vers l&rsquo;\u00e9cran \u00ab\u00a0G\u00e9n\u00e9ral\u00a0\u00bb ci-dessous.<\/p>\n\n\n\n<figure class=\"wp-block-image size-large\"><a href=\"https:\/\/www.leslogisdetavel.fr\/wp-content\/uploads\/2020\/01\/diacamma_general.png\"><img loading=\"lazy\" decoding=\"async\" width=\"1023\" height=\"524\" src=\"https:\/\/www.leslogisdetavel.fr\/wp-content\/uploads\/2020\/01\/diacamma_general.png\" alt=\"\" class=\"wp-image-135\" srcset=\"https:\/\/www.leslogisdetavel.fr\/wp-content\/uploads\/2020\/01\/diacamma_general.png 1023w, https:\/\/www.leslogisdetavel.fr\/wp-content\/uploads\/2020\/01\/diacamma_general-300x154.png 300w, https:\/\/www.leslogisdetavel.fr\/wp-content\/uploads\/2020\/01\/diacamma_general-768x393.png 768w\" sizes=\"auto, (max-width: 767px) 89vw, (max-width: 1000px) 54vw, (max-width: 1071px) 543px, 580px\" \/><\/a><figcaption>Diacamma &#8211; \u00e9cran g\u00e9n\u00e9ral<\/figcaption><\/figure>\n\n\n\n<ol class=\"wp-block-list\"><li><strong><em>Mot de passe :<\/em><\/strong> permet de modifier votre mot de passe de connexion.<\/li><li><strong><em>Votre compte :<\/em><\/strong> permet de modifier vos coordonn\u00e9es.<\/li><li><strong><em>Nos coordonn\u00e9es :<\/em><\/strong> afficher les coordonn\u00e9es du Syndic.<\/li><li><strong><em>Votre copropri\u00e9t\u00e9 :<\/em><\/strong> afficher la situation de votre lot, situation courante et appels de fonds en cours.<\/li><\/ol>\n\n\n\n<h3 class=\"wp-block-heading\"><em>Menu de navigation<\/em><\/h3>\n\n\n\n<figure class=\"wp-block-image size-large\"><a href=\"https:\/\/www.leslogisdetavel.fr\/wp-content\/uploads\/2020\/01\/diacamma_menu.png\"><img loading=\"lazy\" decoding=\"async\" width=\"613\" height=\"49\" src=\"https:\/\/www.leslogisdetavel.fr\/wp-content\/uploads\/2020\/01\/diacamma_menu.png\" alt=\"\" class=\"wp-image-146\" srcset=\"https:\/\/www.leslogisdetavel.fr\/wp-content\/uploads\/2020\/01\/diacamma_menu.png 613w, https:\/\/www.leslogisdetavel.fr\/wp-content\/uploads\/2020\/01\/diacamma_menu-300x24.png 300w\" sizes=\"auto, (max-width: 613px) 100vw, 613px\" \/><\/a><figcaption>Diacamma &#8211; menu<\/figcaption><\/figure>\n\n\n\n<p>Le menu en haut de la page vous permet de naviguer entre les diff\u00e9rents \u00e9crans.<\/p>\n\n\n\n<h3 class=\"wp-block-heading\"><em>Ecran copropri\u00e9t\u00e9<\/em><\/h3>\n\n\n\n<figure class=\"wp-block-image size-large\"><a href=\"https:\/\/www.leslogisdetavel.fr\/wp-content\/uploads\/2020\/01\/diacamma_copropriete.png\"><img loading=\"lazy\" decoding=\"async\" width=\"1020\" height=\"524\" src=\"https:\/\/www.leslogisdetavel.fr\/wp-content\/uploads\/2020\/01\/diacamma_copropriete.png\" alt=\"\" class=\"wp-image-134\" srcset=\"https:\/\/www.leslogisdetavel.fr\/wp-content\/uploads\/2020\/01\/diacamma_copropriete.png 1020w, https:\/\/www.leslogisdetavel.fr\/wp-content\/uploads\/2020\/01\/diacamma_copropriete-300x154.png 300w, https:\/\/www.leslogisdetavel.fr\/wp-content\/uploads\/2020\/01\/diacamma_copropriete-768x395.png 768w\" sizes=\"auto, (max-width: 767px) 89vw, (max-width: 1000px) 54vw, (max-width: 1071px) 543px, 580px\" \/><\/a><figcaption>Diacamma &#8211; \u00e9cran copropri\u00e9t\u00e9<\/figcaption><\/figure>\n\n\n\n<ol class=\"wp-block-list\"><li><strong><em>Les cat\u00e9gories de charges :<\/em><\/strong> afficher les diff\u00e9rentes charges de la copropri\u00e9t\u00e9 et les budgets associ\u00e9s.<\/li><li><strong><em>Les propri\u00e9taires et les lots :<\/em><\/strong> liste des lots et propri\u00e9taires associ\u00e9s.<\/li><li><strong><em>Les appels de fonds :<\/em><\/strong> afficher les appels de fonds en cours et termin\u00e9s.<\/li><li><strong><em>Les d\u00e9penses :<\/em><\/strong> afficher les d\u00e9penses programm\u00e9es.<\/li><li><strong><em>Etat financier :<\/em><\/strong> afficher la situation financi\u00e8re globale.<\/li><li><strong><em>Compte de gestion g\u00e9n\u00e9rale :<\/em><\/strong> afficher l\u2019ensemble des comptes.<\/li><li><strong><em>Compte op\u00e9rations courantes :<\/em><\/strong> afficher seulement les op\u00e9rations pr\u00e9vues au budget.<\/li><li><strong><em>Compte op\u00e9rations exceptionnelles :<\/em><\/strong> afficher seulement les operations exceptionnelles non pr\u00e9vues au budget.<\/li><\/ol>\n\n\n\n<h3 class=\"wp-block-heading\"><em>Ecran comptabilit\u00e9<\/em><\/h3>\n\n\n\n<figure class=\"wp-block-image size-large\"><a href=\"https:\/\/www.leslogisdetavel.fr\/wp-content\/uploads\/2020\/01\/diacamma_comptabilite.png\"><img loading=\"lazy\" decoding=\"async\" width=\"1022\" height=\"526\" src=\"https:\/\/www.leslogisdetavel.fr\/wp-content\/uploads\/2020\/01\/diacamma_comptabilite.png\" alt=\"\" class=\"wp-image-133\" srcset=\"https:\/\/www.leslogisdetavel.fr\/wp-content\/uploads\/2020\/01\/diacamma_comptabilite.png 1022w, https:\/\/www.leslogisdetavel.fr\/wp-content\/uploads\/2020\/01\/diacamma_comptabilite-300x154.png 300w, https:\/\/www.leslogisdetavel.fr\/wp-content\/uploads\/2020\/01\/diacamma_comptabilite-768x395.png 768w\" sizes=\"auto, (max-width: 767px) 89vw, (max-width: 1000px) 54vw, (max-width: 1071px) 543px, 580px\" \/><\/a><figcaption>Diacamma &#8211; \u00e9cran comptabilit\u00e9<\/figcaption><\/figure>\n\n\n\n<p>Cet \u00e9cran permet d&rsquo;afficher le bilan comptable, les comptes de r\u00e9sultats et toutes informations li\u00e9es \u00e0 la comptabilit\u00e9 de la copropri\u00e9t\u00e9.<\/p>\n\n\n\n<h3 class=\"wp-block-heading\"><em>Ecran bureautique<\/em><\/h3>\n\n\n\n<figure class=\"wp-block-image size-large\"><a href=\"https:\/\/www.leslogisdetavel.fr\/wp-content\/uploads\/2020\/01\/diacamma_bureautique.png\"><img loading=\"lazy\" decoding=\"async\" width=\"1021\" height=\"525\" src=\"https:\/\/www.leslogisdetavel.fr\/wp-content\/uploads\/2020\/01\/diacamma_bureautique.png\" alt=\"\" class=\"wp-image-132\" srcset=\"https:\/\/www.leslogisdetavel.fr\/wp-content\/uploads\/2020\/01\/diacamma_bureautique.png 1021w, https:\/\/www.leslogisdetavel.fr\/wp-content\/uploads\/2020\/01\/diacamma_bureautique-300x154.png 300w, https:\/\/www.leslogisdetavel.fr\/wp-content\/uploads\/2020\/01\/diacamma_bureautique-768x395.png 768w\" sizes=\"auto, (max-width: 767px) 89vw, (max-width: 1000px) 54vw, (max-width: 1071px) 543px, 580px\" \/><\/a><figcaption>Diacamma &#8211; \u00e9cran bureautique<\/figcaption><\/figure>\n\n\n\n<p>Cet \u00e9cran permet d&rsquo;afficher ou de rechercher les documents de la copropri\u00e9t\u00e9 tels que le r\u00e8glement de copropri\u00e9t\u00e9, les proc\u00e8s verbaux des assembl\u00e9es g\u00e9n\u00e9rales, les attestations d&rsquo;immatriculation de la copropri\u00e9t\u00e9, etc&#8230;<\/p>\n\n\n\n<p>Connectez-vous sur <a href=\"https:\/\/diacamma.leslogisdetavel.fr\/\">https:\/\/diacamma.leslogisdetavel.fr<\/a><\/p>\n","protected":false},"excerpt":{"rendered":"<p>Connectez-vous sur https:\/\/diacamma.leslogisdetavel.fr Diacamma Syndic est un logiciel libre qui permet de g\u00e9rer simplement une copropri\u00e9t\u00e9 : Tenir une comptabilit\u00e9 en conformit\u00e9 avec la r\u00e9glementation fran\u00e7aise des copropri\u00e9t\u00e9s. Suivre la situation de chaques copropri\u00e9taires. Cr\u00e9er et envoyer des appels de fonds. Ventiler les d\u00e9penses de la copropri\u00e9t\u00e9 sur chacun en fonction de ses tanti\u00e8mes. Editer &hellip; <\/p>\n<p class=\"link-more\"><a href=\"https:\/\/www.leslogisdetavel.fr\/index.php\/diacamma\/\" class=\"more-link\">Continuer la lecture<span class=\"screen-reader-text\"> de &laquo;&nbsp;Diacamma&nbsp;&raquo;<\/span><\/a><\/p>\n","protected":false},"author":1,"featured_media":0,"parent":0,"menu_order":0,"comment_status":"closed","ping_status":"closed","template":"","meta":{"footnotes":""},"class_list":["post-117","page","type-page","status-publish","hentry"],"_links":{"self":[{"href":"https:\/\/www.leslogisdetavel.fr\/index.php\/wp-json\/wp\/v2\/pages\/117","targetHints":{"allow":["GET"]}}],"collection":[{"href":"https:\/\/www.leslogisdetavel.fr\/index.php\/wp-json\/wp\/v2\/pages"}],"about":[{"href":"https:\/\/www.leslogisdetavel.fr\/index.php\/wp-json\/wp\/v2\/types\/page"}],"author":[{"embeddable":true,"href":"https:\/\/www.leslogisdetavel.fr\/index.php\/wp-json\/wp\/v2\/users\/1"}],"replies":[{"embeddable":true,"href":"https:\/\/www.leslogisdetavel.fr\/index.php\/wp-json\/wp\/v2\/comments?post=117"}],"version-history":[{"count":5,"href":"https:\/\/www.leslogisdetavel.fr\/index.php\/wp-json\/wp\/v2\/pages\/117\/revisions"}],"predecessor-version":[{"id":148,"href":"https:\/\/www.leslogisdetavel.fr\/index.php\/wp-json\/wp\/v2\/pages\/117\/revisions\/148"}],"wp:attachment":[{"href":"https:\/\/www.leslogisdetavel.fr\/index.php\/wp-json\/wp\/v2\/media?parent=117"}],"curies":[{"name":"wp","href":"https:\/\/api.w.org\/{rel}","templated":true}]}}